{"id":61,"date":"2013-03-11T17:01:38","date_gmt":"2013-03-11T16:01:38","guid":{"rendered":"http:\/\/localhost\/ca2\/wp\/?page_id=61"},"modified":"2013-03-11T17:04:32","modified_gmt":"2013-03-11T16:04:32","slug":"presse","status":"publish","type":"page","link":"https:\/\/archive.charleroiadventure.com\/en\/presse\/","title":{"rendered":"Press"},"content":{"rendered":"<p>The safari made a lot of noise in the press since its creation ! Here are a few interesting articles !<\/p>\n<p><a href=\"http:\/\/www.guardian.co.uk\/travel\/2010\/sep\/25\/charleroi-belgium-ugliest-city-world\">Charleroi &#8211; Wish you were here &#8211; The Guardian<\/a><\/p>\n<p><a href=\"http:\/\/www.liberation.fr\/culture\/2012\/04\/27\/echappee-laide-a-charleroi_814880\">\u00c9chapp\u00e9e laide \u00e0 Charleroi &#8211; Lib\u00e9ration <\/a><\/p>\n<p><a href=\"http:\/\/online.wsj.com\/article\/SB10001424052748703350104575652850184361966.html\">Tour Embraces a Town&#8217;s Ugly Truth: It&#8217;s a Dump &#8211; Wall Street Journal<\/a><\/p>\n<p><a href=\"http:\/\/www.deredactie.be\/cm\/vrtnieuws\/archief\/2.1222\/binnenland\/1.496708\">Op safari in Charleroi, de lelijkste EU-stad &#8211; Deredactie<\/a><\/p>\n<p>&nbsp;<\/p>\n","protected":false},"excerpt":{"rendered":"<p>The safari made a lot of noise in the press since its creation ! Here are a few interesting articles ! Charleroi &#8211; Wish you were here &#8211; The Guardian \u00c9chapp\u00e9e laide \u00e0 Charleroi &#8211; Lib\u00e9ration Tour Embraces a Town&#8217;s Ugly Truth: It&#8217;s a Dump &#8211; Wall Street Journal Op safari in Charleroi, de lelijkste [&hellip;]<\/p>\n","protected":false},"author":1,"featured_media":0,"parent":0,"menu_order":0,"comment_status":"open","ping_status":"open","template":"","meta":{"footnotes":""},"class_list":["post-61","page","type-page","status-publish","hentry"],"acf":[],"_links":{"self":[{"href":"https:\/\/archive.charleroiadventure.com\/en\/wp-json\/wp\/v2\/pages\/61","targetHints":{"allow":["GET"]}}],"collection":[{"href":"https:\/\/archive.charleroiadventure.com\/en\/wp-json\/wp\/v2\/pages"}],"about":[{"href":"https:\/\/archive.charleroiadventure.com\/en\/wp-json\/wp\/v2\/types\/page"}],"author":[{"embeddable":true,"href":"https:\/\/archive.charleroiadventure.com\/en\/wp-json\/wp\/v2\/users\/1"}],"replies":[{"embeddable":true,"href":"https:\/\/archive.charleroiadventure.com\/en\/wp-json\/wp\/v2\/comments?post=61"}],"version-history":[{"count":1,"href":"https:\/\/archive.charleroiadventure.com\/en\/wp-json\/wp\/v2\/pages\/61\/revisions"}],"predecessor-version":[{"id":65,"href":"https:\/\/archive.charleroiadventure.com\/en\/wp-json\/wp\/v2\/pages\/61\/revisions\/65"}],"wp:attachment":[{"href":"https:\/\/archive.charleroiadventure.com\/en\/wp-json\/wp\/v2\/media?parent=61"}],"curies":[{"name":"wp","href":"https:\/\/api.w.org\/{rel}","templated":true}]}}