{"id":37,"date":"2013-03-11T16:27:41","date_gmt":"2013-03-11T15:27:41","guid":{"rendered":"http:\/\/localhost\/ca2\/wp\/?page_id=37"},"modified":"2013-11-21T11:27:53","modified_gmt":"2013-11-21T10:27:53","slug":"charleroi-abenteuer","status":"publish","type":"page","link":"https:\/\/archive.charleroiadventure.com\/de\/","title":{"rendered":"Charleroi Abenteuer"},"content":{"rendered":"<p>Mach eine Tour in einer der meist ausgezeichneten Industriest\u00e4dte Europas. Ernannt als h\u00e4sslichste Stadt nach einer niederl\u00e4ndischen Umfrage, bietet Charleroi eine breite Scala von ergreifenden Attraktionen an.<\/p>\n<p>Kommen sie mit uns f\u00fcr eine urbane Safari und entdeck den Ort wo die Mutter von Magritte Selbstmord begangen hat, die deprimierendste Strasse von Belgien, kletter auf eine Kohleabfalberg und besuch eine authentische verlassene Metallfabrik.<br \/>\nDas Charleroi Abenteuer bringt Dich zu unbekannten Mysterien in die interessanteste post-industrielle Region Europas.<\/p>\n<p>Viel Spass mit dem Besuch unserer Website. Entdecke unsere Reiseumschreibung und Bilder und buch einen Platz in unserem Bus f\u00fcr den Ausflug Deines Lebens!<\/p>\n<p>Das Charleroi Abenteuer Team<\/p>\n","protected":false},"excerpt":{"rendered":"<p>Mach eine Tour in einer der meist ausgezeichneten Industriest\u00e4dte Europas. Ernannt als h\u00e4sslichste Stadt nach einer niederl\u00e4ndischen Umfrage, bietet Charleroi eine breite Scala von ergreifenden Attraktionen an. Kommen sie mit uns f\u00fcr eine urbane Safari und entdeck den Ort wo die Mutter von Magritte Selbstmord begangen hat, die deprimierendste Strasse von Belgien, kletter auf eine [&hellip;]<\/p>\n","protected":false},"author":1,"featured_media":0,"parent":0,"menu_order":0,"comment_status":"open","ping_status":"open","template":"","meta":{"footnotes":""},"class_list":["post-37","page","type-page","status-publish","hentry"],"acf":[],"_links":{"self":[{"href":"https:\/\/archive.charleroiadventure.com\/de\/wp-json\/wp\/v2\/pages\/37","targetHints":{"allow":["GET"]}}],"collection":[{"href":"https:\/\/archive.charleroiadventure.com\/de\/wp-json\/wp\/v2\/pages"}],"about":[{"href":"https:\/\/archive.charleroiadventure.com\/de\/wp-json\/wp\/v2\/types\/page"}],"author":[{"embeddable":true,"href":"https:\/\/archive.charleroiadventure.com\/de\/wp-json\/wp\/v2\/users\/1"}],"replies":[{"embeddable":true,"href":"https:\/\/archive.charleroiadventure.com\/de\/wp-json\/wp\/v2\/comments?post=37"}],"version-history":[{"count":2,"href":"https:\/\/archive.charleroiadventure.com\/de\/wp-json\/wp\/v2\/pages\/37\/revisions"}],"predecessor-version":[{"id":115,"href":"https:\/\/archive.charleroiadventure.com\/de\/wp-json\/wp\/v2\/pages\/37\/revisions\/115"}],"wp:attachment":[{"href":"https:\/\/archive.charleroiadventure.com\/de\/wp-json\/wp\/v2\/media?parent=37"}],"curies":[{"name":"wp","href":"https:\/\/api.w.org\/{rel}","templated":true}]}}